{"id":262,"date":"2024-09-11T13:49:51","date_gmt":"2024-09-11T11:49:51","guid":{"rendered":"https:\/\/tezga.al\/produkt\/kurore-nuserie-2\/"},"modified":"2024-09-11T13:55:09","modified_gmt":"2024-09-11T11:55:09","slug":"kurore-nuserie-2","status":"publish","type":"product","link":"https:\/\/tezga.al\/sq\/product\/kurore-nuserie-2\/","title":{"rendered":"Kuror\u00eb nus\u00ebrie"},"content":{"rendered":"","protected":false},"excerpt":{"rendered":"<p>E ve\u00e7ant\u00eb dhe e bukur e cila do t&#8217;ju zbukuroj\u00eb akoma dhe m\u00eb shum\u00eb<\/p>","protected":false},"featured_media":271,"comment_status":"closed","ping_status":"closed","template":"","meta":[],"product_cat":[37],"product_tag":[],"class_list":{"0":"post-262","1":"product","2":"type-product","3":"status-publish","4":"has-post-thumbnail","6":"product_cat-headpieces","8":"first","9":"instock","10":"shipping-taxable","11":"purchasable","12":"product-type-simple"},"_links":{"self":[{"href":"https:\/\/tezga.al\/sq\/wp-json\/wp\/v2\/product\/262","targetHints":{"allow":["GET"]}}],"collection":[{"href":"https:\/\/tezga.al\/sq\/wp-json\/wp\/v2\/product"}],"about":[{"href":"https:\/\/tezga.al\/sq\/wp-json\/wp\/v2\/types\/product"}],"replies":[{"embeddable":true,"href":"https:\/\/tezga.al\/sq\/wp-json\/wp\/v2\/comments?post=262"}],"wp:featuredmedia":[{"embeddable":true,"href":"https:\/\/tezga.al\/sq\/wp-json\/wp\/v2\/media\/271"}],"wp:attachment":[{"href":"https:\/\/tezga.al\/sq\/wp-json\/wp\/v2\/media?parent=262"}],"wp:term":[{"taxonomy":"product_cat","embeddable":true,"href":"https:\/\/tezga.al\/sq\/wp-json\/wp\/v2\/product_cat?post=262"},{"taxonomy":"product_tag","embeddable":true,"href":"https:\/\/tezga.al\/sq\/wp-json\/wp\/v2\/product_tag?post=262"}],"curies":[{"name":"wp","href":"https:\/\/api.w.org\/{rel}","templated":true}]}}