{"id":260,"date":"2024-09-11T13:49:51","date_gmt":"2024-09-11T11:49:51","guid":{"rendered":"https:\/\/tezga.al\/produkt\/kurore-festive-gold\/"},"modified":"2024-09-11T13:55:56","modified_gmt":"2024-09-11T11:55:56","slug":"kurore-festive-gold","status":"publish","type":"product","link":"https:\/\/tezga.al\/sq\/product\/kurore-festive-gold\/","title":{"rendered":"Kuror\u00eb Festive Gold"},"content":{"rendered":"","protected":false},"excerpt":{"rendered":"<p>Nj\u00eb aksesor shum\u00eb i ve\u00e7ante q\u00eb i p\u00ebrshtatet \u00e7do eventi<\/p>","protected":false},"featured_media":273,"comment_status":"closed","ping_status":"closed","template":"","meta":[],"product_cat":[37],"product_tag":[],"class_list":{"0":"post-260","1":"product","2":"type-product","3":"status-publish","4":"has-post-thumbnail","6":"product_cat-headpieces","8":"first","9":"instock","10":"shipping-taxable","11":"purchasable","12":"product-type-simple"},"_links":{"self":[{"href":"https:\/\/tezga.al\/sq\/wp-json\/wp\/v2\/product\/260","targetHints":{"allow":["GET"]}}],"collection":[{"href":"https:\/\/tezga.al\/sq\/wp-json\/wp\/v2\/product"}],"about":[{"href":"https:\/\/tezga.al\/sq\/wp-json\/wp\/v2\/types\/product"}],"replies":[{"embeddable":true,"href":"https:\/\/tezga.al\/sq\/wp-json\/wp\/v2\/comments?post=260"}],"wp:featuredmedia":[{"embeddable":true,"href":"https:\/\/tezga.al\/sq\/wp-json\/wp\/v2\/media\/273"}],"wp:attachment":[{"href":"https:\/\/tezga.al\/sq\/wp-json\/wp\/v2\/media?parent=260"}],"wp:term":[{"taxonomy":"product_cat","embeddable":true,"href":"https:\/\/tezga.al\/sq\/wp-json\/wp\/v2\/product_cat?post=260"},{"taxonomy":"product_tag","embeddable":true,"href":"https:\/\/tezga.al\/sq\/wp-json\/wp\/v2\/product_tag?post=260"}],"curies":[{"name":"wp","href":"https:\/\/api.w.org\/{rel}","templated":true}]}}