{"id":254,"date":"2024-09-11T13:49:50","date_gmt":"2024-09-11T11:49:50","guid":{"rendered":"https:\/\/tezga.al\/produkt\/kreher-flokesh\/"},"modified":"2024-09-11T13:59:12","modified_gmt":"2024-09-11T11:59:12","slug":"kreher-flokesh","status":"publish","type":"product","link":"https:\/\/tezga.al\/sq\/product\/kreher-flokesh\/","title":{"rendered":"Kr\u00ebh\u00ebr flok\u00ebsh"},"content":{"rendered":"","protected":false},"excerpt":{"rendered":"<p>Nj\u00eb stoli shum\u00eb e ve\u00e7ant\u00eb e cila i jep jet\u00eb \u00e7do modeli flok\u00ebsh<\/p>","protected":false},"featured_media":269,"comment_status":"open","ping_status":"closed","template":"","meta":[],"product_cat":[37],"product_tag":[],"class_list":{"0":"post-254","1":"product","2":"type-product","3":"status-publish","4":"has-post-thumbnail","6":"product_cat-headpieces","8":"first","9":"instock","10":"shipping-taxable","11":"purchasable","12":"product-type-simple"},"_links":{"self":[{"href":"https:\/\/tezga.al\/sq\/wp-json\/wp\/v2\/product\/254","targetHints":{"allow":["GET"]}}],"collection":[{"href":"https:\/\/tezga.al\/sq\/wp-json\/wp\/v2\/product"}],"about":[{"href":"https:\/\/tezga.al\/sq\/wp-json\/wp\/v2\/types\/product"}],"replies":[{"embeddable":true,"href":"https:\/\/tezga.al\/sq\/wp-json\/wp\/v2\/comments?post=254"}],"wp:featuredmedia":[{"embeddable":true,"href":"https:\/\/tezga.al\/sq\/wp-json\/wp\/v2\/media\/269"}],"wp:attachment":[{"href":"https:\/\/tezga.al\/sq\/wp-json\/wp\/v2\/media?parent=254"}],"wp:term":[{"taxonomy":"product_cat","embeddable":true,"href":"https:\/\/tezga.al\/sq\/wp-json\/wp\/v2\/product_cat?post=254"},{"taxonomy":"product_tag","embeddable":true,"href":"https:\/\/tezga.al\/sq\/wp-json\/wp\/v2\/product_tag?post=254"}],"curies":[{"name":"wp","href":"https:\/\/api.w.org\/{rel}","templated":true}]}}