{"id":253,"date":"2024-09-11T13:49:50","date_gmt":"2024-09-11T11:49:50","guid":{"rendered":"https:\/\/tezga.al\/produkt\/vathe-floke-bore\/"},"modified":"2024-09-11T13:58:58","modified_gmt":"2024-09-11T11:58:58","slug":"vathe-floke-bore","status":"publish","type":"product","link":"https:\/\/tezga.al\/sq\/product\/vathe-floke-bore\/","title":{"rendered":"Vath\u00eb Flok\u00eb Bore"},"content":{"rendered":"","protected":false},"excerpt":{"rendered":"<p>Vath\u00eb t\u00eb ve\u00e7ant\u00eb dhe shum\u00eb t\u00eb bukur, perfekt p\u00ebr dim\u00ebr por jo vet\u00ebm<\/p>","protected":false},"featured_media":279,"comment_status":"open","ping_status":"closed","template":"","meta":[],"product_cat":[40],"product_tag":[],"class_list":{"0":"post-253","1":"product","2":"type-product","3":"status-publish","4":"has-post-thumbnail","6":"product_cat-earrings","8":"first","9":"instock","10":"shipping-taxable","11":"purchasable","12":"product-type-simple"},"_links":{"self":[{"href":"https:\/\/tezga.al\/sq\/wp-json\/wp\/v2\/product\/253","targetHints":{"allow":["GET"]}}],"collection":[{"href":"https:\/\/tezga.al\/sq\/wp-json\/wp\/v2\/product"}],"about":[{"href":"https:\/\/tezga.al\/sq\/wp-json\/wp\/v2\/types\/product"}],"replies":[{"embeddable":true,"href":"https:\/\/tezga.al\/sq\/wp-json\/wp\/v2\/comments?post=253"}],"wp:featuredmedia":[{"embeddable":true,"href":"https:\/\/tezga.al\/sq\/wp-json\/wp\/v2\/media\/279"}],"wp:attachment":[{"href":"https:\/\/tezga.al\/sq\/wp-json\/wp\/v2\/media?parent=253"}],"wp:term":[{"taxonomy":"product_cat","embeddable":true,"href":"https:\/\/tezga.al\/sq\/wp-json\/wp\/v2\/product_cat?post=253"},{"taxonomy":"product_tag","embeddable":true,"href":"https:\/\/tezga.al\/sq\/wp-json\/wp\/v2\/product_tag?post=253"}],"curies":[{"name":"wp","href":"https:\/\/api.w.org\/{rel}","templated":true}]}}