{"id":250,"date":"2024-09-11T13:49:50","date_gmt":"2024-09-11T11:49:50","guid":{"rendered":"https:\/\/tezga.al\/produkt\/kurore-me-yje\/"},"modified":"2024-09-11T13:56:50","modified_gmt":"2024-09-11T11:56:50","slug":"kurore-me-yje","status":"publish","type":"product","link":"https:\/\/tezga.al\/sq\/product\/kurore-me-yje\/","title":{"rendered":"Kuror\u00eb me Yje"},"content":{"rendered":"","protected":false},"excerpt":{"rendered":"<p>Mbusheni kok\u00ebn me yje dhe shk\u00eblqeni me shum\u00eb se kushdo n\u00eb fest\u00ebn tuaj t\u00eb radh\u00ebs<\/p>","protected":false},"featured_media":280,"comment_status":"open","ping_status":"closed","template":"","meta":[],"product_cat":[37],"product_tag":[],"class_list":{"0":"post-250","1":"product","2":"type-product","3":"status-publish","4":"has-post-thumbnail","6":"product_cat-headpieces","8":"first","9":"instock","10":"shipping-taxable","11":"purchasable","12":"product-type-simple"},"_links":{"self":[{"href":"https:\/\/tezga.al\/sq\/wp-json\/wp\/v2\/product\/250","targetHints":{"allow":["GET"]}}],"collection":[{"href":"https:\/\/tezga.al\/sq\/wp-json\/wp\/v2\/product"}],"about":[{"href":"https:\/\/tezga.al\/sq\/wp-json\/wp\/v2\/types\/product"}],"replies":[{"embeddable":true,"href":"https:\/\/tezga.al\/sq\/wp-json\/wp\/v2\/comments?post=250"}],"wp:featuredmedia":[{"embeddable":true,"href":"https:\/\/tezga.al\/sq\/wp-json\/wp\/v2\/media\/280"}],"wp:attachment":[{"href":"https:\/\/tezga.al\/sq\/wp-json\/wp\/v2\/media?parent=250"}],"wp:term":[{"taxonomy":"product_cat","embeddable":true,"href":"https:\/\/tezga.al\/sq\/wp-json\/wp\/v2\/product_cat?post=250"},{"taxonomy":"product_tag","embeddable":true,"href":"https:\/\/tezga.al\/sq\/wp-json\/wp\/v2\/product_tag?post=250"}],"curies":[{"name":"wp","href":"https:\/\/api.w.org\/{rel}","templated":true}]}}