{"id":222,"date":"2024-09-10T22:38:11","date_gmt":"2024-09-10T20:38:11","guid":{"rendered":"https:\/\/tezga.al\/?post_type=product&#038;p=222"},"modified":"2024-09-10T22:38:11","modified_gmt":"2024-09-10T20:38:11","slug":"dvr","status":"publish","type":"product","link":"https:\/\/tezga.al\/sq\/product\/dvr\/","title":{"rendered":"DVR"},"content":{"rendered":"<p>Kamera makine DVR Full HD regjistron \u00e7do pamje p\u00ebrpara n\u00eb nj\u00eb k\u00ebnd t\u00eb gjer\u00eb prej 170 grad\u00eb, duke kapur \u00e7do ndodhi me nj\u00eb qart\u00ebsi t\u00eb jasht\u00ebzakonshme. Nd\u00ebrsa kamera e pasme ruan \u00e7do moment nga prapa, duke siguruar nj\u00eb mbik\u00ebqyrje t\u00eb plot\u00eb dhe t\u00eb sigurt t\u00eb \u00e7do manovre. Me mund\u00ebsin\u00eb p\u00ebr t\u00eb par\u00eb t\u00eb dyja kamerat nj\u00ebkoh\u00ebsisht n\u00eb ekranin e saj t\u00eb qart\u00eb 4.3 in\u00e7 TFT, ju keni nj\u00eb pamje t\u00eb plot\u00eb dhe t\u00eb detajuar t\u00eb situat\u00ebs tuaj rreth vetur\u00ebs.<\/p>\n<p>Instalimi \u00ebsht\u00eb i thjesht\u00eb dhe pa komplikime, duke e b\u00ebr\u00eb t\u00eb leht\u00eb p\u00ebr ta vendosur dhe p\u00ebrdorur n\u00eb automjetin tuaj. Fuqizimi nga porta e 12V siguron q\u00eb kamera \u00ebsht\u00eb gjithmon\u00eb n\u00eb gjendje t\u00eb funksionoj\u00eb dhe t\u00eb regjistroj\u00eb, pa pasur nevoj\u00eb p\u00ebr nd\u00ebrhyrje t\u00eb shpeshta n\u00eb energji.<\/p>\n<ul>\n<li>Mund\u00ebson regjistrim para dhe mbrapa sipas nevoj\u00ebs tuaj.<\/li>\n<li>Leht\u00ebsisht e instalueshme.<\/li>\n<li>Fuqizohet nga porta e 12V.<\/li>\n<li>Suporton kart\u00eb memorie.<\/li>\n<li>Kamera \u00ebsht\u00eb e pajisur me sensor l\u00ebvizjeje, G-Sensor i cili mund\u00ebson regjistrim automatic.<\/li>\n<li>Full HD: Me dy kamera, nj\u00eb regjistron p\u00ebrpara n\u00eb k\u00ebnd 170 grad\u00eb, nd\u00ebrsa kamera tjet\u00ebr vendoset n\u00eb pjes\u00ebn e pasme t\u00eb makin\u00ebs dhe regjistron prapa.<\/li>\n<li>Opsion p\u00ebr t\u00eb shfaqur t\u00eb dyja kamerat nj\u00ebkoh\u00ebsisht n\u00eb ekran.<\/li>\n<li>Ekrani me madh\u00ebsi 4.3 inch TFT.<\/li>\n<\/ul>","protected":false},"excerpt":{"rendered":"<p>Kamera makine DVR Full HD regjistron \u00e7do pamje p\u00ebrpara n\u00eb nj\u00eb k\u00ebnd t\u00eb gjer\u00eb prej 170 grad\u00eb, duke kapur \u00e7do ndodhi me nj\u00eb qart\u00ebsi t\u00eb jasht\u00ebzakonshme. Nd\u00ebrsa kamera e pasme ruan \u00e7do moment nga prapa, duke siguruar nj\u00eb mbik\u00ebqyrje t\u00eb plot\u00eb dhe t\u00eb sigurt t\u00eb \u00e7do manovre. Me mund\u00ebsin\u00eb p\u00ebr t\u00eb par\u00eb t\u00eb dyja kamerat nj\u00ebkoh\u00ebsisht n\u00eb ekranin e saj t\u00eb qart\u00eb 4.3 in\u00e7 TFT, ju keni nj\u00eb pamje t\u00eb plot\u00eb dhe t\u00eb detajuar t\u00eb situat\u00ebs tuaj rreth vetur\u00ebs.<\/p>\n<p>Instalimi \u00ebsht\u00eb i thjesht\u00eb dhe pa komplikime, duke e b\u00ebr\u00eb t\u00eb leht\u00eb p\u00ebr ta vendosur dhe p\u00ebrdorur n\u00eb automjetin tuaj. Fuqizimi nga porta e 12V siguron q\u00eb kamera \u00ebsht\u00eb gjithmon\u00eb n\u00eb gjendje t\u00eb funksionoj\u00eb dhe t\u00eb regjistroj\u00eb, pa pasur nevoj\u00eb p\u00ebr nd\u00ebrhyrje t\u00eb shpeshta n\u00eb energji.<\/p>","protected":false},"featured_media":223,"comment_status":"open","ping_status":"closed","template":"","meta":[],"product_cat":[35],"product_tag":[],"class_list":{"0":"post-222","1":"product","2":"type-product","3":"status-publish","4":"has-post-thumbnail","6":"product_cat-car","8":"first","9":"instock","10":"shipping-taxable","11":"purchasable","12":"product-type-simple"},"_links":{"self":[{"href":"https:\/\/tezga.al\/sq\/wp-json\/wp\/v2\/product\/222","targetHints":{"allow":["GET"]}}],"collection":[{"href":"https:\/\/tezga.al\/sq\/wp-json\/wp\/v2\/product"}],"about":[{"href":"https:\/\/tezga.al\/sq\/wp-json\/wp\/v2\/types\/product"}],"replies":[{"embeddable":true,"href":"https:\/\/tezga.al\/sq\/wp-json\/wp\/v2\/comments?post=222"}],"wp:featuredmedia":[{"embeddable":true,"href":"https:\/\/tezga.al\/sq\/wp-json\/wp\/v2\/media\/223"}],"wp:attachment":[{"href":"https:\/\/tezga.al\/sq\/wp-json\/wp\/v2\/media?parent=222"}],"wp:term":[{"taxonomy":"product_cat","embeddable":true,"href":"https:\/\/tezga.al\/sq\/wp-json\/wp\/v2\/product_cat?post=222"},{"taxonomy":"product_tag","embeddable":true,"href":"https:\/\/tezga.al\/sq\/wp-json\/wp\/v2\/product_tag?post=222"}],"curies":[{"name":"wp","href":"https:\/\/api.w.org\/{rel}","templated":true}]}}