{"id":220,"date":"2024-09-10T22:33:36","date_gmt":"2024-09-10T20:33:36","guid":{"rendered":"https:\/\/tezga.al\/?post_type=product&#038;p=220"},"modified":"2024-09-10T22:34:56","modified_gmt":"2024-09-10T20:34:56","slug":"retro-game-console-620","status":"publish","type":"product","link":"https:\/\/tezga.al\/sq\/product\/retro-game-console-620\/","title":{"rendered":"Retro Game Console 620"},"content":{"rendered":"<p><span data-sheets-root=\"\\&quot;1\\&quot;\" data-sheets-value=\"\\&quot;{&quot;1&quot;:2,&quot;2&quot;:&quot;Konsole\" data-sheets-userformat=\"\\&quot;{&quot;2&quot;:8769,&quot;3&quot;:{&quot;1&quot;:0},&quot;9&quot;:0,&quot;12&quot;:0,&quot;16&quot;:10}\\&quot;\">Konsol\u00eb lojrash Retro \u2013 620<\/span><\/p>\n<p><span data-sheets-root=\"\\&quot;1\\&quot;\" data-sheets-value=\"\\&quot;{&quot;1&quot;:2,&quot;2&quot;:&quot;Konsole\" data-sheets-userformat=\"\\&quot;{&quot;2&quot;:8769,&quot;3&quot;:{&quot;1&quot;:0},&quot;9&quot;:0,&quot;12&quot;:0,&quot;16&quot;:10}\\&quot;\"><strong>Karakteristikat<\/strong>:<\/span><\/p>\n<ul>\n<li><span data-sheets-root=\"\\&quot;1\\&quot;\" data-sheets-value=\"\\&quot;{&quot;1&quot;:2,&quot;2&quot;:&quot;Konsole\" data-sheets-userformat=\"\\&quot;{&quot;2&quot;:8769,&quot;3&quot;:{&quot;1&quot;:0},&quot;9&quot;:0,&quot;12&quot;:0,&quot;16&quot;:10}\\&quot;\">Aksesor arg\u00ebtimi p\u00ebr f\u00ebmij\u00eb dhe t\u00eb rritur.<\/span><\/li>\n<li><span data-sheets-root=\"\\&quot;1\\&quot;\" data-sheets-value=\"\\&quot;{&quot;1&quot;:2,&quot;2&quot;:&quot;Konsole\" data-sheets-userformat=\"\\&quot;{&quot;2&quot;:8769,&quot;3&quot;:{&quot;1&quot;:0},&quot;9&quot;:0,&quot;12&quot;:0,&quot;16&quot;:10}\\&quot;\">Leht\u00ebsisht e p\u00ebrdorshme.<\/span><\/li>\n<li><span data-sheets-root=\"\\&quot;1\\&quot;\" data-sheets-value=\"\\&quot;{&quot;1&quot;:2,&quot;2&quot;:&quot;Konsole\" data-sheets-userformat=\"\\&quot;{&quot;2&quot;:8769,&quot;3&quot;:{&quot;1&quot;:0},&quot;9&quot;:0,&quot;12&quot;:0,&quot;16&quot;:10}\\&quot;\">E pajisur me 2 leva p\u00ebr t\u00eb luajtur dyshe.\u00a0<\/span><\/li>\n<li><span data-sheets-root=\"\\&quot;1\\&quot;\" data-sheets-value=\"\\&quot;{&quot;1&quot;:2,&quot;2&quot;:&quot;Konsole\" data-sheets-userformat=\"\\&quot;{&quot;2&quot;:8769,&quot;3&quot;:{&quot;1&quot;:0},&quot;9&quot;:0,&quot;12&quot;:0,&quot;16&quot;:10}\\&quot;\">Mini-kompjuteri ka 620 lojra t\u00eb ndryshme t\u00eb parainstaluara.<\/span><\/li>\n<li><span data-sheets-root=\"\\&quot;1\\&quot;\" data-sheets-value=\"\\&quot;{&quot;1&quot;:2,&quot;2&quot;:&quot;Konsole\" data-sheets-userformat=\"\\&quot;{&quot;2&quot;:8769,&quot;3&quot;:{&quot;1&quot;:0},&quot;9&quot;:0,&quot;12&quot;:0,&quot;16&quot;:10}\\&quot;\">Nd\u00ebr t\u00eb cilat: Super Mario, Contra, TMNT (Teenage Mutant Ninja Turtles) etj.<\/span><\/li>\n<li><span data-sheets-root=\"\\&quot;1\\&quot;\" data-sheets-value=\"\\&quot;{&quot;1&quot;:2,&quot;2&quot;:&quot;Konsole\" data-sheets-userformat=\"\\&quot;{&quot;2&quot;:8769,&quot;3&quot;:{&quot;1&quot;:0},&quot;9&quot;:0,&quot;12&quot;:0,&quot;16&quot;:10}\\&quot;\">Fuqizim direkt n\u00eb 220V.<\/span><\/li>\n<li><span data-sheets-root=\"\\&quot;1\\&quot;\" data-sheets-value=\"\\&quot;{&quot;1&quot;:2,&quot;2&quot;:&quot;Konsole\" data-sheets-userformat=\"\\&quot;{&quot;2&quot;:8769,&quot;3&quot;:{&quot;1&quot;:0},&quot;9&quot;:0,&quot;12&quot;:0,&quot;16&quot;:10}\\&quot;\">Fisha AV t\u00eb cilat mund\u00ebsojn\u00eb transmetim t\u00eb pamjeve n\u00eb ekran.<\/span><\/li>\n<li><span data-sheets-root=\"\\&quot;1\\&quot;\" data-sheets-value=\"\\&quot;{&quot;1&quot;:2,&quot;2&quot;:&quot;Konsole\" data-sheets-userformat=\"\\&quot;{&quot;2&quot;:8769,&quot;3&quot;:{&quot;1&quot;:0},&quot;9&quot;:0,&quot;12&quot;:0,&quot;16&quot;:10}\\&quot;\">Dhurat\u00eb e p\u00ebrshtatshme p\u00ebr f\u00ebmij\u00eb dhe t\u00eb apasionuar pas lojrave Retro.<\/span><\/li>\n<\/ul>","protected":false},"excerpt":{"rendered":"<p><span data-sheets-root=\"\\&quot;1\\&quot;\" data-sheets-value=\"\\&quot;{&quot;1&quot;:2,&quot;2&quot;:&quot;Konsole\" data-sheets-userformat=\"\\&quot;{&quot;2&quot;:8769,&quot;3&quot;:{&quot;1&quot;:0},&quot;9&quot;:0,&quot;12&quot;:0,&quot;16&quot;:10}\\&quot;\">Konsol\u00eb lojrash Retro \u2013 620<\/span><\/p>","protected":false},"featured_media":221,"comment_status":"open","ping_status":"closed","template":"","meta":[],"product_cat":[34],"product_tag":[],"class_list":{"0":"post-220","1":"product","2":"type-product","3":"status-publish","4":"has-post-thumbnail","6":"product_cat-consoles","8":"first","9":"instock","10":"shipping-taxable","11":"purchasable","12":"product-type-simple"},"_links":{"self":[{"href":"https:\/\/tezga.al\/sq\/wp-json\/wp\/v2\/product\/220","targetHints":{"allow":["GET"]}}],"collection":[{"href":"https:\/\/tezga.al\/sq\/wp-json\/wp\/v2\/product"}],"about":[{"href":"https:\/\/tezga.al\/sq\/wp-json\/wp\/v2\/types\/product"}],"replies":[{"embeddable":true,"href":"https:\/\/tezga.al\/sq\/wp-json\/wp\/v2\/comments?post=220"}],"wp:featuredmedia":[{"embeddable":true,"href":"https:\/\/tezga.al\/sq\/wp-json\/wp\/v2\/media\/221"}],"wp:attachment":[{"href":"https:\/\/tezga.al\/sq\/wp-json\/wp\/v2\/media?parent=220"}],"wp:term":[{"taxonomy":"product_cat","embeddable":true,"href":"https:\/\/tezga.al\/sq\/wp-json\/wp\/v2\/product_cat?post=220"},{"taxonomy":"product_tag","embeddable":true,"href":"https:\/\/tezga.al\/sq\/wp-json\/wp\/v2\/product_tag?post=220"}],"curies":[{"name":"wp","href":"https:\/\/api.w.org\/{rel}","templated":true}]}}