{"id":219,"date":"2024-09-10T22:29:30","date_gmt":"2024-09-10T20:29:30","guid":{"rendered":"https:\/\/tezga.al\/?post_type=product&#038;p=219"},"modified":"2024-09-10T22:29:30","modified_gmt":"2024-09-10T20:29:30","slug":"memory-card-32gb","status":"publish","type":"product","link":"https:\/\/tezga.al\/sq\/product\/memory-card-32gb\/","title":{"rendered":"Memory Card 32GB"},"content":{"rendered":"<p>Kart\u00eb memorie Micro SD.<\/p>\n<p><strong>P\u00ebrshkrimi:\u00a0<\/strong><\/p>\n<p>Kart\u00eb memorie Micro SD me nj\u00eb kapacitet prej 32GB, ofron hap\u00ebsir\u00ebn e nevojshme p\u00ebr t\u00eb mbajtur nj\u00eb sasi t\u00eb konsiderueshme informacioni, duke p\u00ebrfshir\u00eb video, foto, dhe skedar\u00eb audio.<\/p>\n<p>Nj\u00eb nga karakteristikat m\u00eb t\u00ebrheq\u00ebse t\u00eb k\u00ebsaj karte \u00ebsht\u00eb shpejt\u00ebsia e lart\u00eb e transmetimit t\u00eb t\u00eb dh\u00ebnave, e cila siguron q\u00eb skedar\u00ebt tuaj t\u00eb transferohen me shpejt\u00ebsi dhe efikasitet maksimal. Kjo \u00ebsht\u00eb ve\u00e7an\u00ebrisht e dobishme p\u00ebr ata q\u00eb p\u00ebrdorin kamera t\u00eb larta cil\u00ebsie, DVR makina, ose pajisje t\u00eb tjera q\u00eb k\u00ebrkojn\u00eb ruajtje t\u00eb shpejt\u00eb dhe t\u00eb q\u00ebndrueshme.<\/p>\n<p>Kart\u00ebn Micro SD mund ta p\u00ebrdorni n\u00eb nj\u00eb gam\u00eb t\u00eb gjer\u00eb pajisjesh elektronike, p\u00ebrfshir\u00eb telefonat Android, kamerat, dhe DVR t\u00eb automjeteve.<\/p>","protected":false},"excerpt":{"rendered":"<p>Kart\u00eb memorie Micro SD.<\/p>","protected":false},"featured_media":214,"comment_status":"open","ping_status":"closed","template":"","meta":[],"product_cat":[30,33],"product_tag":[],"class_list":{"0":"post-219","1":"product","2":"type-product","3":"status-publish","4":"has-post-thumbnail","6":"product_cat-computers","7":"product_cat-memory-card","9":"first","10":"instock","11":"shipping-taxable","12":"purchasable","13":"product-type-simple"},"_links":{"self":[{"href":"https:\/\/tezga.al\/sq\/wp-json\/wp\/v2\/product\/219","targetHints":{"allow":["GET"]}}],"collection":[{"href":"https:\/\/tezga.al\/sq\/wp-json\/wp\/v2\/product"}],"about":[{"href":"https:\/\/tezga.al\/sq\/wp-json\/wp\/v2\/types\/product"}],"replies":[{"embeddable":true,"href":"https:\/\/tezga.al\/sq\/wp-json\/wp\/v2\/comments?post=219"}],"wp:featuredmedia":[{"embeddable":true,"href":"https:\/\/tezga.al\/sq\/wp-json\/wp\/v2\/media\/214"}],"wp:attachment":[{"href":"https:\/\/tezga.al\/sq\/wp-json\/wp\/v2\/media?parent=219"}],"wp:term":[{"taxonomy":"product_cat","embeddable":true,"href":"https:\/\/tezga.al\/sq\/wp-json\/wp\/v2\/product_cat?post=219"},{"taxonomy":"product_tag","embeddable":true,"href":"https:\/\/tezga.al\/sq\/wp-json\/wp\/v2\/product_tag?post=219"}],"curies":[{"name":"wp","href":"https:\/\/api.w.org\/{rel}","templated":true}]}}