{"id":217,"date":"2024-09-10T22:26:02","date_gmt":"2024-09-10T20:26:02","guid":{"rendered":"https:\/\/tezga.al\/?post_type=product&#038;p=217"},"modified":"2024-09-10T22:26:02","modified_gmt":"2024-09-10T20:26:02","slug":"memory-card-128gb","status":"publish","type":"product","link":"https:\/\/tezga.al\/sq\/product\/memory-card-128gb\/","title":{"rendered":"Memory Card 128GB"},"content":{"rendered":"<p>Kart\u00eb memorie Micro SD.<\/p>\n<p><strong>Karakteristikat:<\/strong><\/p>\n<ul>\n<li>Shpejt\u00ebsi e lart\u00eb transmetimi t\u00eb dh\u00ebnash.<\/li>\n<li>Kjo kart\u00eb mund\u00ebson ruajtjen e sasis\u00eb s\u00eb madhe t\u00eb informacionit, video apo audio.<\/li>\n<li>Kapaciteti: 128Gb.<\/li>\n<li>Kart\u00eb memoria mund\u00ebson\u00a0 transferim apo ruajtje t\u00eb sasis\u00eb s\u00eb madhe t\u00eb informacionit.<\/li>\n<li>E p\u00ebrshtatshme p\u00ebr pajisje t\u00eb ndryshme elektronike, si: telefona android, kamera, DVR makine, etj.<\/li>\n<\/ul>","protected":false},"excerpt":{"rendered":"<p>Kart\u00eb memorie Micro SD.<\/p>","protected":false},"featured_media":216,"comment_status":"open","ping_status":"closed","template":"","meta":[],"product_cat":[33],"product_tag":[],"class_list":{"0":"post-217","1":"product","2":"type-product","3":"status-publish","4":"has-post-thumbnail","6":"product_cat-memory-card","8":"first","9":"instock","10":"shipping-taxable","11":"purchasable","12":"product-type-simple"},"_links":{"self":[{"href":"https:\/\/tezga.al\/sq\/wp-json\/wp\/v2\/product\/217","targetHints":{"allow":["GET"]}}],"collection":[{"href":"https:\/\/tezga.al\/sq\/wp-json\/wp\/v2\/product"}],"about":[{"href":"https:\/\/tezga.al\/sq\/wp-json\/wp\/v2\/types\/product"}],"replies":[{"embeddable":true,"href":"https:\/\/tezga.al\/sq\/wp-json\/wp\/v2\/comments?post=217"}],"wp:featuredmedia":[{"embeddable":true,"href":"https:\/\/tezga.al\/sq\/wp-json\/wp\/v2\/media\/216"}],"wp:attachment":[{"href":"https:\/\/tezga.al\/sq\/wp-json\/wp\/v2\/media?parent=217"}],"wp:term":[{"taxonomy":"product_cat","embeddable":true,"href":"https:\/\/tezga.al\/sq\/wp-json\/wp\/v2\/product_cat?post=217"},{"taxonomy":"product_tag","embeddable":true,"href":"https:\/\/tezga.al\/sq\/wp-json\/wp\/v2\/product_tag?post=217"}],"curies":[{"name":"wp","href":"https:\/\/api.w.org\/{rel}","templated":true}]}}