{"id":137,"date":"2017-12-17T10:06:43","date_gmt":"2017-12-17T10:06:43","guid":{"rendered":"https:\/\/wordpress.gradientthemes.com\/brand-shop\/about\/"},"modified":"2024-09-10T23:31:25","modified_gmt":"2024-09-10T21:31:25","slug":"about","status":"publish","type":"page","link":"https:\/\/tezga.al\/sq\/about\/","title":{"rendered":"Rreth nesh"},"content":{"rendered":"<div data-elementor-type=\"wp-post\" data-elementor-id=\"137\" class=\"elementor elementor-137\">\n\t\t\t\t\t\t<section class=\"elementor-section elementor-top-section elementor-element elementor-element-d28c655 elementor-section-full_width elementor-section-height-default elementor-section-height-default wpr-particle-no wpr-jarallax-no wpr-parallax-no wpr-sticky-section-no\" data-id=\"d28c655\" data-element_type=\"section\" data-settings=\"{&quot;background_background&quot;:&quot;classic&quot;}\">\n\t\t\t\t\t\t<div class=\"elementor-container elementor-column-gap-default\">\n\t\t\t\t\t<div class=\"elementor-column elementor-col-100 elementor-top-column elementor-element elementor-element-997bde8\" data-id=\"997bde8\" data-element_type=\"column\">\n\t\t\t<div class=\"elementor-widget-wrap elementor-element-populated\">\n\t\t\t\t\t\t<section class=\"elementor-section elementor-inner-section elementor-element elementor-element-83b3443 elementor-section-full_width elementor-section-content-middle elementor-section-height-default elementor-section-height-default wpr-particle-no wpr-jarallax-no wpr-parallax-no wpr-sticky-section-no\" data-id=\"83b3443\" data-element_type=\"section\">\n\t\t\t\t\t\t<div class=\"elementor-container elementor-column-gap-no\">\n\t\t\t\t\t<div class=\"elementor-column elementor-col-50 elementor-inner-column elementor-element elementor-element-fe6e6ed\" data-id=\"fe6e6ed\" data-element_type=\"column\" data-settings=\"{&quot;background_background&quot;:&quot;classic&quot;}\">\n\t\t\t<div class=\"elementor-widget-wrap elementor-element-populated\">\n\t\t\t\t\t\t<div class=\"elementor-element elementor-element-3784aac elementor-widget elementor-widget-heading\" data-id=\"3784aac\" data-element_type=\"widget\" data-widget_type=\"heading.default\">\n\t\t\t\t<div class=\"elementor-widget-container\">\n\t\t\t<h1 class=\"elementor-heading-title elementor-size-default\">Rreth Nesh<\/h1>\t\t<\/div>\n\t\t\t\t<\/div>\n\t\t\t\t<div class=\"elementor-element elementor-element-2a5a40c elementor-widget-divider--view-line elementor-widget elementor-widget-divider\" data-id=\"2a5a40c\" data-element_type=\"widget\" data-widget_type=\"divider.default\">\n\t\t\t\t<div class=\"elementor-widget-container\">\n\t\t\t\t\t<div class=\"elementor-divider\">\n\t\t\t<span class=\"elementor-divider-separator\">\n\t\t\t\t\t\t<\/span>\n\t\t<\/div>\n\t\t\t\t<\/div>\n\t\t\t\t<\/div>\n\t\t\t\t<div class=\"elementor-element elementor-element-87eeb9b elementor-widget elementor-widget-text-editor\" data-id=\"87eeb9b\" data-element_type=\"widget\" data-widget_type=\"text-editor.default\">\n\t\t\t\t<div class=\"elementor-widget-container\">\n\t\t\t\t\t\t\t<p><strong>Mir\u00ebsevini n\u00eb Tezga.al \u2013 Tregu i Par\u00eb Virtual n\u00eb Shqip\u00ebri!<\/strong><\/p><p>N\u00eb <strong>Tezga.al<\/strong>, besojm\u00eb se \u00e7do biznes, i vog\u00ebl apo i madh, meriton t\u00eb ket\u00eb nj\u00eb vend n\u00eb bot\u00ebn digjitale. Misioni yn\u00eb \u00ebsht\u00eb i thjesht\u00eb: t\u00eb krijojm\u00eb nj\u00eb hap\u00ebsir\u00eb ku dyqanet e \u00e7do lloji mund t\u00eb ekspozojn\u00eb produktet e tyre n\u00eb nj\u00eb treg virtual, duke ofruar dukshm\u00ebrin\u00eb dhe komoditetin e nj\u00eb qendre tregtare fizike \u2013 pa kostot e m\u00ebdha dhe pengesat logjistike.<\/p><p>Ne e kuptojm\u00eb sfidat q\u00eb vijn\u00eb me drejtimin e nj\u00eb biznesi, ve\u00e7an\u00ebrisht kur b\u00ebhet fjal\u00eb p\u00ebr gjetjen e nj\u00eb vendi n\u00eb nj\u00eb qend\u00ebr tregtare tradicionale. Pengesat logjistike, kufizimet financiare dhe hap\u00ebsirat e kufizuara mund ta b\u00ebjn\u00eb pothuajse t\u00eb pamundur p\u00ebr bizneset e vogla t\u00eb gjejn\u00eb vendin e tyre n\u00eb k\u00ebto ambiente.<\/p><p>K\u00ebtu hyn n\u00eb loj\u00eb <strong>Tezga.al<\/strong>.<\/p>\t\t\t\t\t\t<\/div>\n\t\t\t\t<\/div>\n\t\t\t\t\t<\/div>\n\t\t<\/div>\n\t\t\t\t<div class=\"elementor-column elementor-col-50 elementor-inner-column elementor-element elementor-element-7b5ea60\" data-id=\"7b5ea60\" data-element_type=\"column\" data-settings=\"{&quot;background_background&quot;:&quot;classic&quot;}\">\n\t\t\t<div class=\"elementor-widget-wrap elementor-element-populated\">\n\t\t\t\t\t<div class=\"elementor-background-overlay\"><\/div>\n\t\t\t\t\t\t<div class=\"elementor-element elementor-element-66dc651 elementor-widget__width-initial elementor-widget elementor-widget-image\" data-id=\"66dc651\" data-element_type=\"widget\" data-widget_type=\"image.default\">\n\t\t\t\t<div class=\"elementor-widget-container\">\n\t\t\t\t\t\t\t\t\t\t\t\t\t<img fetchpriority=\"high\" decoding=\"async\" width=\"338\" height=\"323\" src=\"https:\/\/tezga.al\/wp-content\/uploads\/2024\/09\/tezga-sq-ts.png\" class=\"attachment-large size-large wp-image-164\" alt=\"\" srcset=\"https:\/\/tezga.al\/wp-content\/uploads\/2024\/09\/tezga-sq-ts.png 338w, https:\/\/tezga.al\/wp-content\/uploads\/2024\/09\/tezga-sq-ts-300x287.png 300w\" sizes=\"(max-width: 338px) 100vw, 338px\" \/>\t\t\t\t\t\t\t\t\t\t\t\t\t<\/div>\n\t\t\t\t<\/div>\n\t\t\t\t\t<\/div>\n\t\t<\/div>\n\t\t\t\t\t<\/div>\n\t\t<\/section>\n\t\t<div class=\"elementor-element elementor-element-44db0aa e-con-full e-flex wpr-particle-no wpr-jarallax-no wpr-parallax-no wpr-sticky-section-no e-con e-parent\" data-id=\"44db0aa\" data-element_type=\"container\">\n\t\t\t\t<div class=\"elementor-element elementor-element-6dea360 elementor-widget elementor-widget-text-editor\" data-id=\"6dea360\" data-element_type=\"widget\" data-widget_type=\"text-editor.default\">\n\t\t\t\t<div class=\"elementor-widget-container\">\n\t\t\t\t\t\t\t<p>Ne kemi nd\u00ebrtuar qendr\u00ebn e par\u00eb tregtare virtuale n\u00eb Shqip\u00ebri, ku bizneset e t\u00eb gjitha p\u00ebrmasave mund t\u00eb bashkohen dhe t\u00eb krijojn\u00eb tezgat e tyre virtuale. Qoft\u00eb nj\u00eb dyqan i vog\u00ebl lokal apo nj\u00eb shit\u00ebs m\u00eb i madh,\u00a0<strong>Tezga.al<\/strong>\u00a0ju ofron nj\u00eb platform\u00eb t\u00eb p\u00ebrballueshme dhe t\u00eb arritshme p\u00ebr t\u00eb arritur tek klient\u00ebt nga i gjith\u00eb vendi \u2013 dhe m\u00eb gjer\u00eb.<\/p><h3>Pse t\u00eb Bashkoheni me Tezga.al?<\/h3><ul><li><p><strong>Nuk ka nevoj\u00eb p\u00ebr faqe web-i t\u00eb dedikuar<\/strong>: Harrojini kompleksitetet dhe kostot e krijimit dhe mir\u00ebmbajtjes s\u00eb nj\u00eb faqeje tuaj\u00ebn. Me Tezga.al, mund t\u00eb keni tezgat tuaja virtuale, t\u00eb kompletuara me mark\u00ebn dhe produktet tuaja, t\u00eb gatshme p\u00ebr t\u2019i sh\u00ebrbyer klient\u00ebve t\u00eb etur p\u00ebr blerje.<\/p><\/li><li><p><strong>E P\u00ebrballueshme dhe Fleksib\u00ebl<\/strong>: Ndryshe nga qendrat tregtare fizike, ku hap\u00ebsirat jan\u00eb t\u00eb kufizuara dhe t\u00eb kushtueshme, Tezga.al ofron mund\u00ebsi fleksibile dhe t\u00eb p\u00ebrballueshme p\u00ebr \u00e7do biznes, duke i dh\u00ebn\u00eb mund\u00ebsi edhe dyqaneve m\u00eb t\u00eb vogla t\u00eb shk\u00eblqejn\u00eb.<\/p><\/li><li><p><strong>Dukshm\u00ebri dhe Trafik<\/strong>: Duke u bashkuar me tregun ton\u00eb, ju hyni n\u00eb nj\u00eb komunitet gjithnj\u00eb n\u00eb rritje t\u00eb bler\u00ebsve q\u00eb e shohin Tezga.al si vendin e tyre t\u00eb preferuar p\u00ebr t\u00eb gjetur t\u00eb gjitha llojet e produkteve. Qoft\u00eb veshje, elektronik\u00eb, punime artizanale apo produkte specifike, ne t\u00ebrheqim nj\u00eb gam\u00eb t\u00eb gjer\u00eb klient\u00ebsh me nevoja t\u00eb ndryshme.<\/p><\/li><\/ul><h3>Vizioni Yn\u00eb<\/h3><p>N\u00eb\u00a0<strong>Tezga.al<\/strong>, vizioni yn\u00eb \u00ebsht\u00eb t\u00eb revolucionarizojm\u00eb m\u00ebnyr\u00ebn se si funksionojn\u00eb bizneset, duke ofruar nj\u00eb eksperienc\u00eb gjith\u00ebp\u00ebrfshir\u00ebse dhe virtuale t\u00eb blerjeve. Ne donim t\u00eb krijonim m\u00eb shum\u00eb sesa nj\u00eb dyqan online \u2013 synuam t\u00eb nd\u00ebrtonim nj\u00eb komunitet t\u00eb gjall\u00eb, ku \u00e7do biznes mund t\u00eb lul\u00ebzoj\u00eb, nj\u00ebsoj si n\u00eb nj\u00eb qend\u00ebr tregtare t\u00eb madhe fizike. Q\u00ebllimi yn\u00eb \u00ebsht\u00eb t\u00eb shembim barrierat dhe t\u2019i japim \u00e7do dyqani, pavar\u00ebsisht p\u00ebrmasave, mund\u00ebsin\u00eb t\u00eb konkurroj\u00eb n\u00eb m\u00ebnyr\u00eb t\u00eb barabart\u00eb n\u00eb nj\u00eb hap\u00ebsir\u00eb q\u00eb \u00ebsht\u00eb e arritshme dhe mb\u00ebshtet\u00ebse.<\/p><p><strong>Tezga.al<\/strong>\u00a0\u00ebsht\u00eb m\u00eb shum\u00eb sesa nj\u00eb treg \u2013 \u00ebsht\u00eb nj\u00eb l\u00ebvizje drejt nj\u00eb t\u00eb ardhmeje ku t\u00eb gjith\u00eb kan\u00eb mund\u00ebsin\u00eb t\u00eb ken\u00eb sukses, t\u00eb lidhen me klient\u00ebt dhe t\u00eb rriten.<\/p><p>Bashkohuni me ne sot dhe \u00e7oni biznesin tuaj n\u00eb nivelin tjet\u00ebr n\u00eb tregun ton\u00eb virtual. S\u00eb bashku, po krijojm\u00eb t\u00eb ardhmen e blerjeve \u2013 nj\u00eb tezg\u00eb n\u00eb nj\u00eb koh\u00eb.<\/p>\t\t\t\t\t\t<\/div>\n\t\t\t\t<\/div>\n\t\t\t\t<\/div>\n\t\t\t\t\t<\/div>\n\t\t<\/div>\n\t\t\t\t\t<\/div>\n\t\t<\/section>\n\t\t\t\t<section class=\"elementor-section elementor-top-section elementor-element elementor-element-d0ca6fa elementor-section-boxed elementor-section-height-default elementor-section-height-default wpr-particle-no wpr-jarallax-no wpr-parallax-no wpr-sticky-section-no\" data-id=\"d0ca6fa\" data-element_type=\"section\" data-settings=\"{&quot;background_background&quot;:&quot;classic&quot;}\">\n\t\t\t\t\t\t\t<div class=\"elementor-background-overlay\"><\/div>\n\t\t\t\t\t\t\t<div class=\"elementor-container elementor-column-gap-no\">\n\t\t\t\t\t<div class=\"elementor-column elementor-col-100 elementor-top-column elementor-element elementor-element-a5fd6c9\" data-id=\"a5fd6c9\" data-element_type=\"column\" data-settings=\"{&quot;background_background&quot;:&quot;classic&quot;}\">\n\t\t\t<div class=\"elementor-widget-wrap elementor-element-populated\">\n\t\t\t\t\t\t<div class=\"elementor-element elementor-element-83c0952 elementor-widget elementor-widget-heading\" data-id=\"83c0952\" data-element_type=\"widget\" data-widget_type=\"heading.default\">\n\t\t\t\t<div class=\"elementor-widget-container\">\n\t\t\t<h2 class=\"elementor-heading-title elementor-size-default\">Na ndiqni<\/h2>\t\t<\/div>\n\t\t\t\t<\/div>\n\t\t\t\t<div class=\"elementor-element elementor-element-a1cc422 elementor-widget-divider--view-line elementor-widget elementor-widget-divider\" data-id=\"a1cc422\" data-element_type=\"widget\" data-widget_type=\"divider.default\">\n\t\t\t\t<div class=\"elementor-widget-container\">\n\t\t\t\t\t<div class=\"elementor-divider\">\n\t\t\t<span class=\"elementor-divider-separator\">\n\t\t\t\t\t\t<\/span>\n\t\t<\/div>\n\t\t\t\t<\/div>\n\t\t\t\t<\/div>\n\t\t\t\t<div class=\"elementor-element elementor-element-dab9b3f elementor-shape-rounded elementor-grid-0 e-grid-align-center elementor-widget elementor-widget-social-icons\" data-id=\"dab9b3f\" data-element_type=\"widget\" data-widget_type=\"social-icons.default\">\n\t\t\t\t<div class=\"elementor-widget-container\">\n\t\t\t\t\t<div class=\"elementor-social-icons-wrapper elementor-grid\">\n\t\t\t\t\t\t\t<span class=\"elementor-grid-item\">\n\t\t\t\t\t<a class=\"elementor-icon elementor-social-icon elementor-social-icon-facebook-f elementor-repeater-item-9e740e1\">\n\t\t\t\t\t\t<span class=\"elementor-screen-only\">Facebook-f<\/span>\n\t\t\t\t\t\t<i class=\"fab fa-facebook-f\"><\/i>\t\t\t\t\t<\/a>\n\t\t\t\t<\/span>\n\t\t\t\t\t\t\t<span class=\"elementor-grid-item\">\n\t\t\t\t\t<a class=\"elementor-icon elementor-social-icon elementor-social-icon-twitter elementor-repeater-item-525c1b1\">\n\t\t\t\t\t\t<span class=\"elementor-screen-only\">Twitter<\/span>\n\t\t\t\t\t\t<i class=\"fab fa-twitter\"><\/i>\t\t\t\t\t<\/a>\n\t\t\t\t<\/span>\n\t\t\t\t\t\t\t<span class=\"elementor-grid-item\">\n\t\t\t\t\t<a class=\"elementor-icon elementor-social-icon elementor-social-icon-instagram elementor-repeater-item-65ca331\">\n\t\t\t\t\t\t<span class=\"elementor-screen-only\">Instagram<\/span>\n\t\t\t\t\t\t<i class=\"fab fa-instagram\"><\/i>\t\t\t\t\t<\/a>\n\t\t\t\t<\/span>\n\t\t\t\t\t\t\t<span class=\"elementor-grid-item\">\n\t\t\t\t\t<a class=\"elementor-icon elementor-social-icon elementor-social-icon-google-plus-g elementor-repeater-item-347f36d\">\n\t\t\t\t\t\t<span class=\"elementor-screen-only\">Google-plus-g<\/span>\n\t\t\t\t\t\t<i class=\"fab fa-google-plus-g\"><\/i>\t\t\t\t\t<\/a>\n\t\t\t\t<\/span>\n\t\t\t\t\t<\/div>\n\t\t\t\t<\/div>\n\t\t\t\t<\/div>\n\t\t\t\t\t<\/div>\n\t\t<\/div>\n\t\t\t\t\t<\/div>\n\t\t<\/section>\n\t\t\t\t<\/div>","protected":false},"excerpt":{"rendered":"<p>Rreth Nesh Mir\u00ebsevini n\u00eb Tezga.al \u2013 Tregu i Par\u00eb Virtual n\u00eb Shqip\u00ebri! N\u00eb Tezga.al, besojm\u00eb se \u00e7do biznes, i vog\u00ebl apo i madh, meriton t\u00eb ket\u00eb nj\u00eb vend n\u00eb bot\u00ebn digjitale. Misioni yn\u00eb \u00ebsht\u00eb i thjesht\u00eb: t\u00eb krijojm\u00eb nj\u00eb hap\u00ebsir\u00eb ku dyqanet e \u00e7do lloji mund t\u00eb ekspozojn\u00eb produktet e tyre n\u00eb nj\u00eb treg virtual, duke ofruar dukshm\u00ebrin\u00eb dhe komoditetin e nj\u00eb qendre tregtare fizike \u2013 pa kostot e m\u00ebdha dhe pengesat logjistike. Ne e kuptojm\u00eb sfidat q\u00eb vijn\u00eb me drejtimin e nj\u00eb biznesi, ve\u00e7an\u00ebrisht kur b\u00ebhet fjal\u00eb p\u00ebr gjetjen e nj\u00eb vendi n\u00eb nj\u00eb qend\u00ebr tregtare tradicionale. Pengesat logjistike, kufizimet financiare dhe hap\u00ebsirat e kufizuara mund ta b\u00ebjn\u00eb pothuajse t\u00eb pamundur p\u00ebr bizneset e vogla t\u00eb gjejn\u00eb vendin e tyre n\u00eb k\u00ebto ambiente. K\u00ebtu hyn n\u00eb loj\u00eb Tezga.al. Ne kemi nd\u00ebrtuar qendr\u00ebn e par\u00eb tregtare virtuale n\u00eb Shqip\u00ebri, ku bizneset e t\u00eb gjitha p\u00ebrmasave mund t\u00eb bashkohen dhe t\u00eb krijojn\u00eb tezgat e tyre virtuale. Qoft\u00eb nj\u00eb dyqan i vog\u00ebl lokal apo nj\u00eb shit\u00ebs m\u00eb i madh,\u00a0Tezga.al\u00a0ju ofron nj\u00eb platform\u00eb t\u00eb p\u00ebrballueshme dhe t\u00eb arritshme p\u00ebr t\u00eb arritur tek klient\u00ebt nga i gjith\u00eb vendi \u2013 dhe m\u00eb gjer\u00eb. Pse t\u00eb Bashkoheni me Tezga.al? Nuk ka nevoj\u00eb p\u00ebr faqe web-i t\u00eb dedikuar: Harrojini kompleksitetet dhe kostot e krijimit dhe mir\u00ebmbajtjes s\u00eb nj\u00eb faqeje tuaj\u00ebn. Me Tezga.al, mund t\u00eb keni tezgat tuaja virtuale, t\u00eb kompletuara me mark\u00ebn dhe produktet tuaja, t\u00eb gatshme p\u00ebr t\u2019i sh\u00ebrbyer klient\u00ebve t\u00eb etur p\u00ebr blerje. E P\u00ebrballueshme dhe Fleksib\u00ebl: Ndryshe nga qendrat tregtare fizike, ku hap\u00ebsirat jan\u00eb t\u00eb kufizuara dhe t\u00eb kushtueshme, Tezga.al ofron mund\u00ebsi fleksibile dhe t\u00eb p\u00ebrballueshme p\u00ebr \u00e7do biznes, duke i dh\u00ebn\u00eb mund\u00ebsi edhe dyqaneve m\u00eb t\u00eb vogla t\u00eb shk\u00eblqejn\u00eb. Dukshm\u00ebri dhe Trafik: Duke u bashkuar me tregun ton\u00eb, ju hyni n\u00eb nj\u00eb komunitet gjithnj\u00eb n\u00eb rritje t\u00eb bler\u00ebsve q\u00eb e shohin Tezga.al si vendin e tyre t\u00eb preferuar p\u00ebr t\u00eb gjetur t\u00eb gjitha llojet e produkteve. Qoft\u00eb veshje, elektronik\u00eb, punime artizanale apo produkte specifike, ne t\u00ebrheqim nj\u00eb gam\u00eb t\u00eb gjer\u00eb klient\u00ebsh me nevoja t\u00eb ndryshme. Vizioni Yn\u00eb N\u00eb\u00a0Tezga.al, vizioni yn\u00eb \u00ebsht\u00eb t\u00eb revolucionarizojm\u00eb m\u00ebnyr\u00ebn se si funksionojn\u00eb bizneset, duke ofruar nj\u00eb eksperienc\u00eb gjith\u00ebp\u00ebrfshir\u00ebse dhe virtuale t\u00eb blerjeve. Ne donim t\u00eb krijonim m\u00eb shum\u00eb sesa nj\u00eb dyqan online \u2013 synuam t\u00eb nd\u00ebrtonim nj\u00eb komunitet t\u00eb gjall\u00eb, ku \u00e7do biznes mund t\u00eb lul\u00ebzoj\u00eb, nj\u00ebsoj si n\u00eb nj\u00eb qend\u00ebr tregtare t\u00eb madhe fizike. Q\u00ebllimi yn\u00eb \u00ebsht\u00eb t\u00eb shembim barrierat dhe t\u2019i japim \u00e7do dyqani, pavar\u00ebsisht p\u00ebrmasave, mund\u00ebsin\u00eb t\u00eb konkurroj\u00eb n\u00eb m\u00ebnyr\u00eb t\u00eb barabart\u00eb n\u00eb nj\u00eb hap\u00ebsir\u00eb q\u00eb \u00ebsht\u00eb e arritshme dhe mb\u00ebshtet\u00ebse. Tezga.al\u00a0\u00ebsht\u00eb m\u00eb shum\u00eb sesa nj\u00eb treg \u2013 \u00ebsht\u00eb nj\u00eb l\u00ebvizje drejt nj\u00eb t\u00eb ardhmeje ku t\u00eb gjith\u00eb kan\u00eb mund\u00ebsin\u00eb t\u00eb ken\u00eb sukses, t\u00eb lidhen me klient\u00ebt dhe t\u00eb rriten. Bashkohuni me ne sot dhe \u00e7oni biznesin tuaj n\u00eb nivelin tjet\u00ebr n\u00eb tregun ton\u00eb virtual. S\u00eb bashku, po krijojm\u00eb t\u00eb ardhmen e blerjeve \u2013 nj\u00eb tezg\u00eb n\u00eb nj\u00eb koh\u00eb. Na ndiqni Facebook-f Twitter Instagram Google-plus-g<\/p>","protected":false},"author":1,"featured_media":0,"parent":0,"menu_order":0,"comment_status":"closed","ping_status":"closed","template":"elementor_header_footer","meta":{"footnotes":""},"class_list":["post-137","page","type-page","status-publish","hentry"],"_links":{"self":[{"href":"https:\/\/tezga.al\/sq\/wp-json\/wp\/v2\/pages\/137","targetHints":{"allow":["GET"]}}],"collection":[{"href":"https:\/\/tezga.al\/sq\/wp-json\/wp\/v2\/pages"}],"about":[{"href":"https:\/\/tezga.al\/sq\/wp-json\/wp\/v2\/types\/page"}],"author":[{"embeddable":true,"href":"https:\/\/tezga.al\/sq\/wp-json\/wp\/v2\/users\/1"}],"replies":[{"embeddable":true,"href":"https:\/\/tezga.al\/sq\/wp-json\/wp\/v2\/comments?post=137"}],"version-history":[{"count":10,"href":"https:\/\/tezga.al\/sq\/wp-json\/wp\/v2\/pages\/137\/revisions"}],"predecessor-version":[{"id":241,"href":"https:\/\/tezga.al\/sq\/wp-json\/wp\/v2\/pages\/137\/revisions\/241"}],"wp:attachment":[{"href":"https:\/\/tezga.al\/sq\/wp-json\/wp\/v2\/media?parent=137"}],"curies":[{"name":"wp","href":"https:\/\/api.w.org\/{rel}","templated":true}]}}